{"id":2,"date":"2024-09-23T16:02:06","date_gmt":"2024-09-23T16:02:06","guid":{"rendered":"https:\/\/itaraoro.rkinformatika.online\/?page_id=2"},"modified":"2024-12-10T08:25:15","modified_gmt":"2024-12-10T08:25:15","slug":"inicio","status":"publish","type":"page","link":"https:\/\/mikelpiano.com\/eu\/","title":{"rendered":"Niri buruz"},"content":{"rendered":"<div data-elementor-type=\"wp-page\" data-elementor-id=\"2\" class=\"elementor elementor-2\" data-elementor-post-type=\"page\">\n\t\t\t\t<div class=\"elementor-element elementor-element-85362ec e-con-full e-flex e-con e-parent\" data-id=\"85362ec\" data-element_type=\"container\" data-e-type=\"container\" data-settings=\"{&quot;background_background&quot;:&quot;classic&quot;}\">\n\t\t\t\t<div class=\"elementor-element elementor-element-54010a2 elementor-widget elementor-widget-heading\" data-id=\"54010a2\" data-element_type=\"widget\" data-e-type=\"widget\" data-widget_type=\"heading.default\">\n\t\t\t\t<div class=\"elementor-widget-container\">\n\t\t\t\t\t<h2 class=\"elementor-heading-title elementor-size-default\">MIKEL GAZTA\u00d1AGA NAIZ<\/h2>\t\t\t\t<\/div>\n\t\t\t\t<\/div>\n\t\t\t\t<div class=\"elementor-element elementor-element-529a48f elementor-widget elementor-widget-heading\" data-id=\"529a48f\" data-element_type=\"widget\" data-e-type=\"widget\" data-widget_type=\"heading.default\">\n\t\t\t\t<div class=\"elementor-widget-container\">\n\t\t\t\t\t<h2 class=\"elementor-heading-title elementor-size-default\">Pianista profesionala.<\/h2>\t\t\t\t<\/div>\n\t\t\t\t<\/div>\n\t\t\t\t<\/div>\n\t\t<div class=\"elementor-element elementor-element-7bf126b e-flex e-con-boxed e-con e-parent\" data-id=\"7bf126b\" data-element_type=\"container\" data-e-type=\"container\">\n\t\t\t\t\t<div class=\"e-con-inner\">\n\t\t\t\t<div class=\"elementor-element elementor-element-0f28783 elementor-position-left elementor-vertical-align-middle elementor-vertical-align-middle elementor-widget elementor-widget-image-box\" data-id=\"0f28783\" data-element_type=\"widget\" data-e-type=\"widget\" data-widget_type=\"image-box.default\">\n\t\t\t\t<div class=\"elementor-widget-container\">\n\t\t\t\t\t<div class=\"elementor-image-box-wrapper\"><figure class=\"elementor-image-box-img\"><img fetchpriority=\"high\" decoding=\"async\" width=\"1280\" height=\"1126\" src=\"https:\/\/mikelpiano.com\/wp-content\/uploads\/2024\/12\/Captura-desde-2024-12-02-14-28-21.png\" class=\"attachment-full size-full wp-image-1275\" alt=\"\" srcset=\"https:\/\/mikelpiano.com\/wp-content\/uploads\/2024\/12\/Captura-desde-2024-12-02-14-28-21.png 1280w, https:\/\/mikelpiano.com\/wp-content\/uploads\/2024\/12\/Captura-desde-2024-12-02-14-28-21-300x264.png 300w, https:\/\/mikelpiano.com\/wp-content\/uploads\/2024\/12\/Captura-desde-2024-12-02-14-28-21-1024x901.png 1024w, https:\/\/mikelpiano.com\/wp-content\/uploads\/2024\/12\/Captura-desde-2024-12-02-14-28-21-768x676.png 768w, https:\/\/mikelpiano.com\/wp-content\/uploads\/2024\/12\/Captura-desde-2024-12-02-14-28-21-14x12.png 14w\" sizes=\"(max-width: 1280px) 100vw, 1280px\" \/><\/figure><div class=\"elementor-image-box-content\"><h3 class=\"elementor-image-box-title\">Niri buruz<\/h3><p class=\"elementor-image-box-description\">Musikazalea eta nire artea munduarekin partekatzeko konpromisoa. Webgune honen bidez, nire ibilbideari, proiektuei eta esperientzia musikalei buruz gehiago jakiteko gonbita egiten dizut.\n<br><br>\nHemen aurkituko duzu:<br><br>\n\n- Niri buruzko informazioa: Ezagutu nire historia, prestakuntza, musika-eraginak eta nire ibilbideko unerik nabarmenenak.<br>\n- Argazki eta bideo-galeriak: Murgildu zaitez nire musika-unibertsoan, nire interpretazioak, kolaborazioak eta ekitaldiak jasotzen dituen ikusizko eta ikus-entzunezko bilduma baten bidez.<br>\n- Kontzertuen datak: Nire hurrengo aurkezpenen berri izan. Hemen aurkituko dituzu nire musikaz zuzenean gozatzeko aukera gal ez dezazun.<br>\n- Proiektuak eta kolaborazioak: Ezagutu zein lanetan parte hartzen dudan, bai bakarlari gisa, bai beste artista eta mihiztatzaile batzuekin lankidetzan.<br>\n- Nobedadeak eta askoz gehiago: Musikari eta arteari buruzko gogoetak, gaurkotasuneko albisteak eta piano-jotzaile gisa dudan egunerokotasunari begirada bat.<br><br>\nEspero dut gozatuko duzula espazio hau esploratzen, nik zurekin partekatzeko musika sortzen dudan bezainbeste.<\/p><\/div><\/div>\t\t\t\t<\/div>\n\t\t\t\t<\/div>\n\t\t\t\t\t<\/div>\n\t\t\t\t<\/div>\n\t\t<div class=\"elementor-element elementor-element-de86be8 e-flex e-con-boxed e-con e-parent\" data-id=\"de86be8\" data-element_type=\"container\" data-e-type=\"container\">\n\t\t\t\t\t<div class=\"e-con-inner\">\n\t\t\t\t<div class=\"elementor-element elementor-element-0b60170 elementor-cta--layout-image-left elementor-cta--tablet-layout-image-above elementor-cta--mobile-layout-image-above elementor-cta--skin-classic elementor-animated-content elementor-bg-transform elementor-bg-transform-zoom-in elementor-widget elementor-widget-call-to-action\" data-id=\"0b60170\" data-element_type=\"widget\" data-e-type=\"widget\" data-widget_type=\"call-to-action.default\">\n\t\t\t\t<div class=\"elementor-widget-container\">\n\t\t\t\t\t\t\t<div class=\"elementor-cta\">\n\t\t\t\t\t<div class=\"elementor-cta__bg-wrapper\">\n\t\t\t\t<div class=\"elementor-cta__bg elementor-bg\" style=\"background-image: url(https:\/\/mikelpiano.com\/wp-content\/uploads\/2024\/12\/Captura-desde-2024-12-03-15-07-18-768x480.png);\" role=\"img\" aria-label=\"Captura desde 2024-12-03 15-07-18\"><\/div>\n\t\t\t\t<div class=\"elementor-cta__bg-overlay\"><\/div>\n\t\t\t<\/div>\n\t\t\t\t\t\t\t<div class=\"elementor-cta__content\">\n\t\t\t\t\n\t\t\t\t\t\t\t\t\t<h2 class=\"elementor-cta__title elementor-cta__content-item elementor-content-item\">\n\t\t\t\t\t\tEzagutu nire partituren webgunea!\t\t\t\t\t<\/h2>\n\t\t\t\t\n\t\t\t\t\t\t\t\t\t<div class=\"elementor-cta__description elementor-cta__content-item elementor-content-item\">\n\t\t\t\t\t\t\"Partiturak24\" - Oinarrizko eta pianorako partituren sorkuntza eta transkripzioa.\n\n\t\t\t\t\t<\/div>\n\t\t\t\t\n\t\t\t\t\t\t\t\t\t<div class=\"elementor-cta__button-wrapper elementor-cta__content-item elementor-content-item\">\n\t\t\t\t\t<a class=\"elementor-cta__button elementor-button elementor-size-\" href=\"https:\/\/partituras24.grwebsite.es\/\" target=\"_blank\">\n\t\t\t\t\t\tGehiago jakin\t\t\t\t\t<\/a>\n\t\t\t\t\t<\/div>\n\t\t\t\t\t\t\t<\/div>\n\t\t\t\t\t\t<\/div>\n\t\t\t\t\t\t<\/div>\n\t\t\t\t<\/div>\n\t\t\t\t\t<\/div>\n\t\t\t\t<\/div>\n\t\t<div class=\"elementor-element elementor-element-90b078f e-flex e-con-boxed e-con e-parent\" data-id=\"90b078f\" data-element_type=\"container\" data-e-type=\"container\">\n\t\t\t\t\t<div class=\"e-con-inner\">\n\t\t\t\t<div class=\"elementor-element elementor-element-cdbecc3 elementor-cta--skin-cover elementor-animated-content elementor-bg-transform elementor-bg-transform-zoom-in elementor-widget elementor-widget-call-to-action\" data-id=\"cdbecc3\" data-element_type=\"widget\" data-e-type=\"widget\" data-widget_type=\"call-to-action.default\">\n\t\t\t\t<div class=\"elementor-widget-container\">\n\t\t\t\t\t\t\t<div class=\"elementor-cta\">\n\t\t\t\t\t<div class=\"elementor-cta__bg-wrapper\">\n\t\t\t\t<div class=\"elementor-cta__bg elementor-bg\" style=\"background-image: url(https:\/\/mikelpiano.com\/wp-content\/uploads\/2024\/12\/Captura-desde-2024-12-02-14-45-52.png);\" role=\"img\" aria-label=\"Captura desde 2024-12-02 14-45-52\"><\/div>\n\t\t\t\t<div class=\"elementor-cta__bg-overlay\"><\/div>\n\t\t\t<\/div>\n\t\t\t\t\t\t\t<div class=\"elementor-cta__content\">\n\t\t\t\t\n\t\t\t\t\t\t\t\t\t<h2 class=\"elementor-cta__title elementor-cta__content-item elementor-content-item elementor-animated-item--grow\">\n\t\t\t\t\t\tJar zaitez harremanetan edozein kontsultatarako.\t\t\t\t\t<\/h2>\n\t\t\t\t\n\t\t\t\t\t\t\t\t\t<div class=\"elementor-cta__description elementor-cta__content-item elementor-content-item elementor-animated-item--grow\">\n\t\t\t\t\t\tEzagutu zein proiektutan parte hartzen dudan, bakarlari gisa edo beste artista eta mihiztadura batzuekin lankidetzan.\t\t\t\t\t<\/div>\n\t\t\t\t\n\t\t\t\t\t\t\t\t\t<div class=\"elementor-cta__button-wrapper elementor-cta__content-item elementor-content-item elementor-animated-item--grow\">\n\t\t\t\t\t<a class=\"elementor-cta__button elementor-button elementor-size-\" href=\"https:\/\/mikelpiano.com\/eu\/contacto\/\">\n\t\t\t\t\t\tJarri harremanetan\t\t\t\t\t<\/a>\n\t\t\t\t\t<\/div>\n\t\t\t\t\t\t\t<\/div>\n\t\t\t\t\t\t<\/div>\n\t\t\t\t\t\t<\/div>\n\t\t\t\t<\/div>\n\t\t\t\t\t<\/div>\n\t\t\t\t<\/div>\n\t\t\t\t<\/div>","protected":false},"excerpt":{"rendered":"<p>Soy Mikel Gazta\u00f1aga Pianista Profesional. Acerca de m\u00ed Apasionado por la m\u00fasica y comprometido a compartir mi arte con el mundo. A trav\u00e9s de esta web, te invito a descubrir [&hellip;]<\/p>\n","protected":false},"author":4,"featured_media":0,"parent":0,"menu_order":0,"comment_status":"closed","ping_status":"closed","template":"","meta":{"footnotes":""},"class_list":["post-2","page","type-page","status-publish","hentry"],"yoast_head":"<!-- This site is optimized with the Yoast SEO plugin v27.3 - https:\/\/yoast.com\/product\/yoast-seo-wordpress\/ -->\n<title>Sobre M\u00ed - Mikel Piano<\/title>\n<meta name=\"robots\" content=\"index, follow, max-snippet:-1, max-image-preview:large, max-video-preview:-1\" \/>\n<link rel=\"canonical\" href=\"https:\/\/mikelpiano.com\/eu\/\" \/>\n<meta property=\"og:locale\" content=\"en_US\" \/>\n<meta property=\"og:type\" content=\"article\" \/>\n<meta property=\"og:title\" content=\"Sobre M\u00ed - Mikel Piano\" \/>\n<meta property=\"og:description\" content=\"Soy Mikel Gazta\u00f1aga Pianista Profesional. Acerca de m\u00ed Apasionado por la m\u00fasica y comprometido a compartir mi arte con el mundo. A trav\u00e9s de esta web, te invito a descubrir [&hellip;]\" \/>\n<meta property=\"og:url\" content=\"https:\/\/mikelpiano.com\/eu\/\" \/>\n<meta property=\"og:site_name\" content=\"Mikel Piano\" \/>\n<meta property=\"article:modified_time\" content=\"2024-12-10T08:25:15+00:00\" \/>\n<meta property=\"og:image\" content=\"https:\/\/mikelpiano.com\/wp-content\/uploads\/2024\/12\/Captura-desde-2024-12-02-14-28-21-1024x901.png\" \/>\n\t<meta property=\"og:image:width\" content=\"1024\" \/>\n\t<meta property=\"og:image:height\" content=\"901\" \/>\n\t<meta property=\"og:image:type\" content=\"image\/png\" \/>\n<meta name=\"twitter:card\" content=\"summary_large_image\" \/>\n<meta name=\"twitter:label1\" content=\"Est. reading time\" \/>\n\t<meta name=\"twitter:data1\" content=\"2 minutua\" \/>\n<script type=\"application\/ld+json\" class=\"yoast-schema-graph\">{\"@context\":\"https:\\\/\\\/schema.org\",\"@graph\":[{\"@type\":\"WebPage\",\"@id\":\"https:\\\/\\\/mikelpiano.com\\\/\",\"url\":\"https:\\\/\\\/mikelpiano.com\\\/\",\"name\":\"Sobre M\u00ed - Mikel Piano\",\"isPartOf\":{\"@id\":\"https:\\\/\\\/mikelpiano.com\\\/#website\"},\"primaryImageOfPage\":{\"@id\":\"https:\\\/\\\/mikelpiano.com\\\/#primaryimage\"},\"image\":{\"@id\":\"https:\\\/\\\/mikelpiano.com\\\/#primaryimage\"},\"thumbnailUrl\":\"https:\\\/\\\/mikelpiano.com\\\/wp-content\\\/uploads\\\/2024\\\/12\\\/Captura-desde-2024-12-02-14-28-21.png\",\"datePublished\":\"2024-09-23T16:02:06+00:00\",\"dateModified\":\"2024-12-10T08:25:15+00:00\",\"breadcrumb\":{\"@id\":\"https:\\\/\\\/mikelpiano.com\\\/#breadcrumb\"},\"inLanguage\":\"eu\",\"potentialAction\":[{\"@type\":\"ReadAction\",\"target\":[\"https:\\\/\\\/mikelpiano.com\\\/\"]}]},{\"@type\":\"ImageObject\",\"inLanguage\":\"eu\",\"@id\":\"https:\\\/\\\/mikelpiano.com\\\/#primaryimage\",\"url\":\"https:\\\/\\\/mikelpiano.com\\\/wp-content\\\/uploads\\\/2024\\\/12\\\/Captura-desde-2024-12-02-14-28-21.png\",\"contentUrl\":\"https:\\\/\\\/mikelpiano.com\\\/wp-content\\\/uploads\\\/2024\\\/12\\\/Captura-desde-2024-12-02-14-28-21.png\"},{\"@type\":\"BreadcrumbList\",\"@id\":\"https:\\\/\\\/mikelpiano.com\\\/#breadcrumb\",\"itemListElement\":[{\"@type\":\"ListItem\",\"position\":1,\"name\":\"Portada\",\"item\":\"https:\\\/\\\/mikelpiano.com\\\/\"},{\"@type\":\"ListItem\",\"position\":2,\"name\":\"Sobre M\u00ed\"}]},{\"@type\":\"WebSite\",\"@id\":\"https:\\\/\\\/mikelpiano.com\\\/#website\",\"url\":\"https:\\\/\\\/mikelpiano.com\\\/\",\"name\":\"Mikel Piano\",\"description\":\"Pianista Profesional\",\"publisher\":{\"@id\":\"https:\\\/\\\/mikelpiano.com\\\/#organization\"},\"potentialAction\":[{\"@type\":\"SearchAction\",\"target\":{\"@type\":\"EntryPoint\",\"urlTemplate\":\"https:\\\/\\\/mikelpiano.com\\\/?s={search_term_string}\"},\"query-input\":{\"@type\":\"PropertyValueSpecification\",\"valueRequired\":true,\"valueName\":\"search_term_string\"}}],\"inLanguage\":\"eu\"},{\"@type\":\"Organization\",\"@id\":\"https:\\\/\\\/mikelpiano.com\\\/#organization\",\"name\":\"Mikel Piano\",\"url\":\"https:\\\/\\\/mikelpiano.com\\\/\",\"logo\":{\"@type\":\"ImageObject\",\"inLanguage\":\"eu\",\"@id\":\"https:\\\/\\\/mikelpiano.com\\\/#\\\/schema\\\/logo\\\/image\\\/\",\"url\":\"https:\\\/\\\/mikelpiano.com\\\/wp-content\\\/uploads\\\/2024\\\/12\\\/cropped-MIKEL-GAZTANAGA.jpg\",\"contentUrl\":\"https:\\\/\\\/mikelpiano.com\\\/wp-content\\\/uploads\\\/2024\\\/12\\\/cropped-MIKEL-GAZTANAGA.jpg\",\"width\":500,\"height\":283,\"caption\":\"Mikel Piano\"},\"image\":{\"@id\":\"https:\\\/\\\/mikelpiano.com\\\/#\\\/schema\\\/logo\\\/image\\\/\"}}]}<\/script>\n<!-- \/ Yoast SEO plugin. -->","yoast_head_json":{"title":"Sobre M\u00ed - Mikel Piano","robots":{"index":"index","follow":"follow","max-snippet":"max-snippet:-1","max-image-preview":"max-image-preview:large","max-video-preview":"max-video-preview:-1"},"canonical":"https:\/\/mikelpiano.com\/eu\/","og_locale":"en_US","og_type":"article","og_title":"Sobre M\u00ed - Mikel Piano","og_description":"Soy Mikel Gazta\u00f1aga Pianista Profesional. Acerca de m\u00ed Apasionado por la m\u00fasica y comprometido a compartir mi arte con el mundo. A trav\u00e9s de esta web, te invito a descubrir [&hellip;]","og_url":"https:\/\/mikelpiano.com\/eu\/","og_site_name":"Mikel Piano","article_modified_time":"2024-12-10T08:25:15+00:00","og_image":[{"width":1024,"height":901,"url":"https:\/\/mikelpiano.com\/wp-content\/uploads\/2024\/12\/Captura-desde-2024-12-02-14-28-21-1024x901.png","type":"image\/png"}],"twitter_card":"summary_large_image","twitter_misc":{"Est. reading time":"2 minutua"},"schema":{"@context":"https:\/\/schema.org","@graph":[{"@type":"WebPage","@id":"https:\/\/mikelpiano.com\/","url":"https:\/\/mikelpiano.com\/","name":"Sobre M\u00ed - Mikel Piano","isPartOf":{"@id":"https:\/\/mikelpiano.com\/#website"},"primaryImageOfPage":{"@id":"https:\/\/mikelpiano.com\/#primaryimage"},"image":{"@id":"https:\/\/mikelpiano.com\/#primaryimage"},"thumbnailUrl":"https:\/\/mikelpiano.com\/wp-content\/uploads\/2024\/12\/Captura-desde-2024-12-02-14-28-21.png","datePublished":"2024-09-23T16:02:06+00:00","dateModified":"2024-12-10T08:25:15+00:00","breadcrumb":{"@id":"https:\/\/mikelpiano.com\/#breadcrumb"},"inLanguage":"eu","potentialAction":[{"@type":"ReadAction","target":["https:\/\/mikelpiano.com\/"]}]},{"@type":"ImageObject","inLanguage":"eu","@id":"https:\/\/mikelpiano.com\/#primaryimage","url":"https:\/\/mikelpiano.com\/wp-content\/uploads\/2024\/12\/Captura-desde-2024-12-02-14-28-21.png","contentUrl":"https:\/\/mikelpiano.com\/wp-content\/uploads\/2024\/12\/Captura-desde-2024-12-02-14-28-21.png"},{"@type":"BreadcrumbList","@id":"https:\/\/mikelpiano.com\/#breadcrumb","itemListElement":[{"@type":"ListItem","position":1,"name":"Portada","item":"https:\/\/mikelpiano.com\/"},{"@type":"ListItem","position":2,"name":"Sobre M\u00ed"}]},{"@type":"WebSite","@id":"https:\/\/mikelpiano.com\/#website","url":"https:\/\/mikelpiano.com\/","name":"Mikel Piano","description":"Pianista Profesional","publisher":{"@id":"https:\/\/mikelpiano.com\/#organization"},"potentialAction":[{"@type":"SearchAction","target":{"@type":"EntryPoint","urlTemplate":"https:\/\/mikelpiano.com\/?s={search_term_string}"},"query-input":{"@type":"PropertyValueSpecification","valueRequired":true,"valueName":"search_term_string"}}],"inLanguage":"eu"},{"@type":"Organization","@id":"https:\/\/mikelpiano.com\/#organization","name":"Mikel Piano","url":"https:\/\/mikelpiano.com\/","logo":{"@type":"ImageObject","inLanguage":"eu","@id":"https:\/\/mikelpiano.com\/#\/schema\/logo\/image\/","url":"https:\/\/mikelpiano.com\/wp-content\/uploads\/2024\/12\/cropped-MIKEL-GAZTANAGA.jpg","contentUrl":"https:\/\/mikelpiano.com\/wp-content\/uploads\/2024\/12\/cropped-MIKEL-GAZTANAGA.jpg","width":500,"height":283,"caption":"Mikel Piano"},"image":{"@id":"https:\/\/mikelpiano.com\/#\/schema\/logo\/image\/"}}]}},"_links":{"self":[{"href":"https:\/\/mikelpiano.com\/eu\/wp-json\/wp\/v2\/pages\/2","targetHints":{"allow":["GET"]}}],"collection":[{"href":"https:\/\/mikelpiano.com\/eu\/wp-json\/wp\/v2\/pages"}],"about":[{"href":"https:\/\/mikelpiano.com\/eu\/wp-json\/wp\/v2\/types\/page"}],"author":[{"embeddable":true,"href":"https:\/\/mikelpiano.com\/eu\/wp-json\/wp\/v2\/users\/4"}],"replies":[{"embeddable":true,"href":"https:\/\/mikelpiano.com\/eu\/wp-json\/wp\/v2\/comments?post=2"}],"version-history":[{"count":362,"href":"https:\/\/mikelpiano.com\/eu\/wp-json\/wp\/v2\/pages\/2\/revisions"}],"predecessor-version":[{"id":1747,"href":"https:\/\/mikelpiano.com\/eu\/wp-json\/wp\/v2\/pages\/2\/revisions\/1747"}],"wp:attachment":[{"href":"https:\/\/mikelpiano.com\/eu\/wp-json\/wp\/v2\/media?parent=2"}],"curies":[{"name":"wp","href":"https:\/\/api.w.org\/{rel}","templated":true}]}}