{"id":31,"date":"2024-09-25T14:34:37","date_gmt":"2024-09-25T14:34:37","guid":{"rendered":"https:\/\/itaraoro.rkinformatika.online\/?page_id=31"},"modified":"2024-12-03T16:05:14","modified_gmt":"2024-12-03T16:05:14","slug":"servicios","status":"publish","type":"page","link":"https:\/\/mikelpiano.com\/eu\/servicios\/","title":{"rendered":"Ikasleak"},"content":{"rendered":"\t\t<div data-elementor-type=\"wp-page\" data-elementor-id=\"31\" class=\"elementor elementor-31\" data-elementor-post-type=\"page\">\n\t\t\t\t<div class=\"elementor-element elementor-element-ea9ebb7 e-con-full e-flex elementor-invisible e-con e-parent\" data-id=\"ea9ebb7\" data-element_type=\"container\" data-e-type=\"container\" data-settings=\"{&quot;background_background&quot;:&quot;classic&quot;,&quot;motion_fx_motion_fx_scrolling&quot;:&quot;yes&quot;,&quot;animation&quot;:&quot;pulse&quot;,&quot;motion_fx_devices&quot;:[&quot;desktop&quot;,&quot;tablet&quot;,&quot;mobile&quot;]}\">\n\t\t\t\t<div class=\"elementor-element elementor-element-69bbfcb elementor-widget elementor-widget-heading\" data-id=\"69bbfcb\" data-element_type=\"widget\" data-e-type=\"widget\" data-widget_type=\"heading.default\">\n\t\t\t\t<div class=\"elementor-widget-container\">\n\t\t\t\t\t<h2 class=\"elementor-heading-title elementor-size-default\">Aprende M\u00fasica Conmigo<\/h2>\t\t\t\t<\/div>\n\t\t\t\t<\/div>\n\t\t\t\t<\/div>\n\t\t<div class=\"elementor-element elementor-element-85f9883 e-flex e-con-boxed e-con e-parent\" data-id=\"85f9883\" data-element_type=\"container\" data-e-type=\"container\">\n\t\t\t\t\t<div class=\"e-con-inner\">\n\t\t\t\t<div class=\"elementor-element elementor-element-4e31f5e elementor-widget elementor-widget-heading\" data-id=\"4e31f5e\" data-element_type=\"widget\" data-e-type=\"widget\" data-widget_type=\"heading.default\">\n\t\t\t\t<div class=\"elementor-widget-container\">\n\t\t\t\t\t<h2 class=\"elementor-heading-title elementor-size-default\">Te ofrezco clases personalizadas<\/h2>\t\t\t\t<\/div>\n\t\t\t\t<\/div>\n\t\t\t\t\t<\/div>\n\t\t\t\t<\/div>\n\t\t<div class=\"elementor-element elementor-element-c7396f1 e-flex e-con-boxed e-con e-parent\" data-id=\"c7396f1\" data-element_type=\"container\" data-e-type=\"container\">\n\t\t\t\t\t<div class=\"e-con-inner\">\n\t\t\t\t<div class=\"elementor-element elementor-element-ae63abf elementor-widget elementor-widget-heading\" data-id=\"ae63abf\" data-element_type=\"widget\" data-e-type=\"widget\" data-widget_type=\"heading.default\">\n\t\t\t\t<div class=\"elementor-widget-container\">\n\t\t\t\t\t<h2 class=\"elementor-heading-title elementor-size-default\">Mis clases est\u00e1n disponibles tanto de forma presencial como online.<\/h2>\t\t\t\t<\/div>\n\t\t\t\t<\/div>\n\t\t\t\t\t<\/div>\n\t\t\t\t<\/div>\n\t\t<div class=\"elementor-element elementor-element-94feea1 e-flex e-con-boxed e-con e-parent\" data-id=\"94feea1\" data-element_type=\"container\" data-e-type=\"container\">\n\t\t\t\t\t<div class=\"e-con-inner\">\n\t\t<div class=\"elementor-element elementor-element-f010642 e-con-full e-flex e-con e-child\" data-id=\"f010642\" data-element_type=\"container\" data-e-type=\"container\" data-settings=\"{&quot;background_background&quot;:&quot;classic&quot;}\">\n\t\t\t\t<div class=\"elementor-element elementor-element-fcf4e81 elementor-position-top elementor-widget elementor-widget-image-box\" data-id=\"fcf4e81\" data-element_type=\"widget\" data-e-type=\"widget\" data-widget_type=\"image-box.default\">\n\t\t\t\t<div class=\"elementor-widget-container\">\n\t\t\t\t\t<div class=\"elementor-image-box-wrapper\"><figure class=\"elementor-image-box-img\"><img fetchpriority=\"high\" decoding=\"async\" width=\"1280\" height=\"1126\" src=\"https:\/\/mikelpiano.com\/wp-content\/uploads\/2024\/12\/Captura-desde-2024-12-02-14-28-21.png\" class=\"elementor-animation-bob attachment-full size-full wp-image-1275\" alt=\"\" srcset=\"https:\/\/mikelpiano.com\/wp-content\/uploads\/2024\/12\/Captura-desde-2024-12-02-14-28-21.png 1280w, https:\/\/mikelpiano.com\/wp-content\/uploads\/2024\/12\/Captura-desde-2024-12-02-14-28-21-300x264.png 300w, https:\/\/mikelpiano.com\/wp-content\/uploads\/2024\/12\/Captura-desde-2024-12-02-14-28-21-1024x901.png 1024w, https:\/\/mikelpiano.com\/wp-content\/uploads\/2024\/12\/Captura-desde-2024-12-02-14-28-21-768x676.png 768w, https:\/\/mikelpiano.com\/wp-content\/uploads\/2024\/12\/Captura-desde-2024-12-02-14-28-21-14x12.png 14w\" sizes=\"(max-width: 1280px) 100vw, 1280px\" \/><\/figure><div class=\"elementor-image-box-content\"><h3 class=\"elementor-image-box-title\">Piano<\/h3><p class=\"elementor-image-box-description\">Aprende a interpretar m\u00fasica cl\u00e1sica, moderna o jazz con un enfoque personalizado. Las clases se adaptan a tu nivel, ya seas principiante, intermedio o avanzado, y a tu estilo personal, desde piezas tradicionales hasta improvisaci\u00f3n y est\u00e1ndares de jazz.\n\n<\/p><\/div><\/div>\t\t\t\t<\/div>\n\t\t\t\t<\/div>\n\t\t\t\t<\/div>\n\t\t<div class=\"elementor-element elementor-element-3794a01 e-con-full e-flex e-con e-child\" data-id=\"3794a01\" data-element_type=\"container\" data-e-type=\"container\" data-settings=\"{&quot;background_background&quot;:&quot;classic&quot;}\">\n\t\t\t\t<div class=\"elementor-element elementor-element-c5016b6 elementor-position-top elementor-widget elementor-widget-image-box\" data-id=\"c5016b6\" data-element_type=\"widget\" data-e-type=\"widget\" data-widget_type=\"image-box.default\">\n\t\t\t\t<div class=\"elementor-widget-container\">\n\t\t\t\t\t<div class=\"elementor-image-box-wrapper\"><figure class=\"elementor-image-box-img\"><img decoding=\"async\" width=\"783\" height=\"689\" src=\"https:\/\/mikelpiano.com\/wp-content\/uploads\/2024\/12\/Captura-desde-2024-12-02-15-26-40.png\" class=\"elementor-animation-bob attachment-full size-full wp-image-1312\" alt=\"\" srcset=\"https:\/\/mikelpiano.com\/wp-content\/uploads\/2024\/12\/Captura-desde-2024-12-02-15-26-40.png 783w, https:\/\/mikelpiano.com\/wp-content\/uploads\/2024\/12\/Captura-desde-2024-12-02-15-26-40-300x264.png 300w, https:\/\/mikelpiano.com\/wp-content\/uploads\/2024\/12\/Captura-desde-2024-12-02-15-26-40-768x676.png 768w, https:\/\/mikelpiano.com\/wp-content\/uploads\/2024\/12\/Captura-desde-2024-12-02-15-26-40-14x12.png 14w\" sizes=\"(max-width: 783px) 100vw, 783px\" \/><\/figure><div class=\"elementor-image-box-content\"><h3 class=\"elementor-image-box-title\">Armon\u00eda y composici\u00f3n<\/h3><p class=\"elementor-image-box-description\">Descubre las bases de la teor\u00eda musical y la armon\u00eda para desarrollar tus propias composiciones. Trabajaremos desde los conceptos m\u00e1s b\u00e1sicos, como escalas y acordes, hasta estructuras avanzadas, ayud\u00e1ndote a expresar tus ideas musicales de forma clara y creativa.<\/p><\/div><\/div>\t\t\t\t<\/div>\n\t\t\t\t<\/div>\n\t\t\t\t<\/div>\n\t\t<div class=\"elementor-element elementor-element-acf7b0c e-con-full e-flex e-con e-child\" data-id=\"acf7b0c\" data-element_type=\"container\" data-e-type=\"container\" data-settings=\"{&quot;background_background&quot;:&quot;classic&quot;}\">\n\t\t\t\t<div class=\"elementor-element elementor-element-4c4c433 elementor-position-top elementor-widget elementor-widget-image-box\" data-id=\"4c4c433\" data-element_type=\"widget\" data-e-type=\"widget\" data-widget_type=\"image-box.default\">\n\t\t\t\t<div class=\"elementor-widget-container\">\n\t\t\t\t\t<div class=\"elementor-image-box-wrapper\"><figure class=\"elementor-image-box-img\"><img decoding=\"async\" width=\"783\" height=\"689\" src=\"https:\/\/mikelpiano.com\/wp-content\/uploads\/2024\/12\/Captura-desde-2024-12-02-15-29-34.png\" class=\"elementor-animation-bob attachment-full size-full wp-image-1317\" alt=\"\" srcset=\"https:\/\/mikelpiano.com\/wp-content\/uploads\/2024\/12\/Captura-desde-2024-12-02-15-29-34.png 783w, https:\/\/mikelpiano.com\/wp-content\/uploads\/2024\/12\/Captura-desde-2024-12-02-15-29-34-300x264.png 300w, https:\/\/mikelpiano.com\/wp-content\/uploads\/2024\/12\/Captura-desde-2024-12-02-15-29-34-768x676.png 768w, https:\/\/mikelpiano.com\/wp-content\/uploads\/2024\/12\/Captura-desde-2024-12-02-15-29-34-14x12.png 14w\" sizes=\"(max-width: 783px) 100vw, 783px\" \/><\/figure><div class=\"elementor-image-box-content\"><h3 class=\"elementor-image-box-title\">Edici\u00f3n de partituras<\/h3><p class=\"elementor-image-box-description\">Domina las herramientas digitales para transcribir tus obras y presentarlas de manera profesional. Aprender\u00e1s a utilizar software de edici\u00f3n como Finale, Sibelius o MuseScore, cuidando cada detalle de tus partituras para que cumplan con los est\u00e1ndares del mundo musical.<\/p><\/div><\/div>\t\t\t\t<\/div>\n\t\t\t\t<\/div>\n\t\t\t\t<\/div>\n\t\t\t\t\t<\/div>\n\t\t\t\t<\/div>\n\t\t<div class=\"elementor-element elementor-element-7d51b6c e-flex e-con-boxed e-con e-parent\" data-id=\"7d51b6c\" data-element_type=\"container\" data-e-type=\"container\">\n\t\t\t\t\t<div class=\"e-con-inner\">\n\t\t<div class=\"elementor-element elementor-element-87a898f e-con-full e-flex e-con e-child\" data-id=\"87a898f\" data-element_type=\"container\" data-e-type=\"container\">\n\t\t\t\t<div class=\"elementor-element elementor-element-54c5465 elementor-cta--skin-cover elementor-animated-content elementor-bg-transform elementor-bg-transform-zoom-in elementor-widget elementor-widget-call-to-action\" data-id=\"54c5465\" data-element_type=\"widget\" data-e-type=\"widget\" data-widget_type=\"call-to-action.default\">\n\t\t\t\t<div class=\"elementor-widget-container\">\n\t\t\t\t\t\t\t<div class=\"elementor-cta\">\n\t\t\t\t\t<div class=\"elementor-cta__bg-wrapper\">\n\t\t\t\t<div class=\"elementor-cta__bg elementor-bg\" style=\"background-image: url(https:\/\/mikelpiano.com\/wp-content\/uploads\/2024\/12\/Captura-desde-2024-12-02-14-45-52.png);\" role=\"img\" aria-label=\"Captura desde 2024-12-02 14-45-52\"><\/div>\n\t\t\t\t<div class=\"elementor-cta__bg-overlay\"><\/div>\n\t\t\t<\/div>\n\t\t\t\t\t\t\t<div class=\"elementor-cta__content\">\n\t\t\t\t\n\t\t\t\t\t\t\t\t\t<h2 class=\"elementor-cta__title elementor-cta__content-item elementor-content-item elementor-animated-item--grow\">\n\t\t\t\t\t\tNo dudes en contactarme para cualquier consulta.\t\t\t\t\t<\/h2>\n\t\t\t\t\n\t\t\t\t\t\t\t\t\t<div class=\"elementor-cta__description elementor-cta__content-item elementor-content-item elementor-animated-item--grow\">\n\t\t\t\t\t\tDescubre los proyectos en los que participo, ya sea como solista o colaborando con otros artistas y ensambles.\t\t\t\t\t<\/div>\n\t\t\t\t\n\t\t\t\t\t\t\t\t\t<div class=\"elementor-cta__button-wrapper elementor-cta__content-item elementor-content-item elementor-animated-item--grow\">\n\t\t\t\t\t<a class=\"elementor-cta__button elementor-button elementor-size-\" href=\"https:\/\/mikelpiano.com\/contacto\/\">\n\t\t\t\t\t\tContactame\t\t\t\t\t<\/a>\n\t\t\t\t\t<\/div>\n\t\t\t\t\t\t\t<\/div>\n\t\t\t\t\t\t<\/div>\n\t\t\t\t\t\t<\/div>\n\t\t\t\t<\/div>\n\t\t\t\t<\/div>\n\t\t<div class=\"elementor-element elementor-element-36b3eb9 e-con-full e-flex e-con e-child\" data-id=\"36b3eb9\" data-element_type=\"container\" data-e-type=\"container\">\n\t\t\t\t<div class=\"elementor-element elementor-element-efbed7f elementor-button-align-stretch elementor-widget elementor-widget-form\" data-id=\"efbed7f\" data-element_type=\"widget\" data-e-type=\"widget\" data-settings=\"{&quot;step_next_label&quot;:&quot;Siguiente&quot;,&quot;step_previous_label&quot;:&quot;Anterior&quot;,&quot;button_width&quot;:&quot;100&quot;,&quot;step_type&quot;:&quot;number_text&quot;,&quot;step_icon_shape&quot;:&quot;circle&quot;}\" data-widget_type=\"form.default\">\n\t\t\t\t<div class=\"elementor-widget-container\">\n\t\t\t\t\t\t\t<form class=\"elementor-form\" method=\"post\" name=\"Nuevo formulario\" aria-label=\"Nuevo formulario\">\n\t\t\t<input type=\"hidden\" name=\"post_id\" value=\"31\"\/>\n\t\t\t<input type=\"hidden\" name=\"form_id\" value=\"efbed7f\"\/>\n\t\t\t<input type=\"hidden\" name=\"referer_title\" value=\"Alumnos - Mikel Piano\" \/>\n\n\t\t\t\t\t\t\t<input type=\"hidden\" name=\"queried_id\" value=\"31\"\/>\n\t\t\t\n\t\t\t<div class=\"elementor-form-fields-wrapper elementor-labels-above\">\n\t\t\t\t\t\t\t\t<div class=\"elementor-field-type-text elementor-field-group elementor-column elementor-field-group-name elementor-col-100\">\n\t\t\t\t\t\t\t\t\t\t\t\t\t<input size=\"1\" type=\"text\" name=\"form_fields[name]\" id=\"form-field-name\" class=\"elementor-field elementor-size-sm  elementor-field-textual\" placeholder=\"Nombre\">\n\t\t\t\t\t\t\t\t\t\t\t<\/div>\n\t\t\t\t\t\t\t\t<div class=\"elementor-field-type-email elementor-field-group elementor-column elementor-field-group-email elementor-col-100 elementor-field-required\">\n\t\t\t\t\t\t\t\t\t\t\t\t\t<input size=\"1\" type=\"email\" name=\"form_fields[email]\" id=\"form-field-email\" class=\"elementor-field elementor-size-sm  elementor-field-textual\" placeholder=\"Correo electr\u00f3nico\" required=\"required\">\n\t\t\t\t\t\t\t\t\t\t\t<\/div>\n\t\t\t\t\t\t\t\t<div class=\"elementor-field-type-tel elementor-field-group elementor-column elementor-field-group-field_916c35f elementor-col-100 elementor-field-required\">\n\t\t\t\t\t\t\t<input size=\"1\" type=\"tel\" name=\"form_fields[field_916c35f]\" id=\"form-field-field_916c35f\" class=\"elementor-field elementor-size-sm  elementor-field-textual\" placeholder=\"Tel\u00e9fono\" required=\"required\" pattern=\"[0-9()#&amp;+*-=.]+\" title=\"Solo se aceptan n\u00fameros y caracteres de tel\u00e9fono (#,-,*,etc).\">\n\n\t\t\t\t\t\t<\/div>\n\t\t\t\t\t\t\t\t<div class=\"elementor-field-type-textarea elementor-field-group elementor-column elementor-field-group-message elementor-col-100\">\n\t\t\t\t\t<textarea class=\"elementor-field-textual elementor-field  elementor-size-sm\" name=\"form_fields[message]\" id=\"form-field-message\" rows=\"4\" placeholder=\"Mensaje\"><\/textarea>\t\t\t\t<\/div>\n\t\t\t\t\t\t\t\t<div class=\"elementor-field-group elementor-column elementor-field-type-submit elementor-col-100 e-form__buttons\">\n\t\t\t\t\t<button class=\"elementor-button elementor-size-sm\" type=\"submit\" id=\"mikelpiano@yahoo.com\">\n\t\t\t\t\t\t<span class=\"elementor-button-content-wrapper\">\n\t\t\t\t\t\t\t\t\t\t\t\t\t\t\t\t\t\t\t\t\t\t<span class=\"elementor-button-text\">Enviar<\/span>\n\t\t\t\t\t\t\t\t\t\t\t\t\t<\/span>\n\t\t\t\t\t<\/button>\n\t\t\t\t<\/div>\n\t\t\t<\/div>\n\t\t<\/form>\n\t\t\t\t\t\t<\/div>\n\t\t\t\t<\/div>\n\t\t\t\t<\/div>\n\t\t\t\t\t<\/div>\n\t\t\t\t<\/div>\n\t\t\t\t<\/div>\n\t\t","protected":false},"excerpt":{"rendered":"<p>Aprende M\u00fasica Conmigo Te ofrezco clases personalizadas Mis clases est\u00e1n disponibles tanto de forma presencial como online. Piano Aprende a interpretar m\u00fasica cl\u00e1sica, moderna o jazz con un enfoque personalizado. [&hellip;]<\/p>\n","protected":false},"author":4,"featured_media":0,"parent":0,"menu_order":0,"comment_status":"closed","ping_status":"closed","template":"","meta":{"footnotes":""},"class_list":["post-31","page","type-page","status-publish","hentry"],"yoast_head":"<!-- This site is optimized with the Yoast SEO plugin v27.3 - https:\/\/yoast.com\/product\/yoast-seo-wordpress\/ -->\n<title>Alumnos - Mikel Piano<\/title>\n<meta name=\"robots\" content=\"index, follow, max-snippet:-1, max-image-preview:large, max-video-preview:-1\" \/>\n<link rel=\"canonical\" href=\"https:\/\/mikelpiano.com\/eu\/servicios\/\" \/>\n<meta property=\"og:locale\" content=\"en_US\" \/>\n<meta property=\"og:type\" content=\"article\" \/>\n<meta property=\"og:title\" content=\"Alumnos - Mikel Piano\" \/>\n<meta property=\"og:description\" content=\"Aprende M\u00fasica Conmigo Te ofrezco clases personalizadas Mis clases est\u00e1n disponibles tanto de forma presencial como online. Piano Aprende a interpretar m\u00fasica cl\u00e1sica, moderna o jazz con un enfoque personalizado. [&hellip;]\" \/>\n<meta property=\"og:url\" content=\"https:\/\/mikelpiano.com\/eu\/servicios\/\" \/>\n<meta property=\"og:site_name\" content=\"Mikel Piano\" \/>\n<meta property=\"article:modified_time\" content=\"2024-12-03T16:05:14+00:00\" \/>\n<meta property=\"og:image\" content=\"https:\/\/mikelpiano.com\/wp-content\/uploads\/2024\/12\/Captura-desde-2024-12-02-14-28-21.png\" \/>\n<meta name=\"twitter:card\" content=\"summary_large_image\" \/>\n<meta name=\"twitter:label1\" content=\"Est. reading time\" \/>\n\t<meta name=\"twitter:data1\" content=\"2 minutua\" \/>\n<script type=\"application\/ld+json\" class=\"yoast-schema-graph\">{\"@context\":\"https:\\\/\\\/schema.org\",\"@graph\":[{\"@type\":\"WebPage\",\"@id\":\"https:\\\/\\\/mikelpiano.com\\\/servicios\\\/\",\"url\":\"https:\\\/\\\/mikelpiano.com\\\/servicios\\\/\",\"name\":\"Alumnos - Mikel Piano\",\"isPartOf\":{\"@id\":\"https:\\\/\\\/mikelpiano.com\\\/#website\"},\"primaryImageOfPage\":{\"@id\":\"https:\\\/\\\/mikelpiano.com\\\/servicios\\\/#primaryimage\"},\"image\":{\"@id\":\"https:\\\/\\\/mikelpiano.com\\\/servicios\\\/#primaryimage\"},\"thumbnailUrl\":\"https:\\\/\\\/mikelpiano.com\\\/wp-content\\\/uploads\\\/2024\\\/12\\\/Captura-desde-2024-12-02-14-28-21.png\",\"datePublished\":\"2024-09-25T14:34:37+00:00\",\"dateModified\":\"2024-12-03T16:05:14+00:00\",\"breadcrumb\":{\"@id\":\"https:\\\/\\\/mikelpiano.com\\\/servicios\\\/#breadcrumb\"},\"inLanguage\":\"eu\",\"potentialAction\":[{\"@type\":\"ReadAction\",\"target\":[\"https:\\\/\\\/mikelpiano.com\\\/servicios\\\/\"]}]},{\"@type\":\"ImageObject\",\"inLanguage\":\"eu\",\"@id\":\"https:\\\/\\\/mikelpiano.com\\\/servicios\\\/#primaryimage\",\"url\":\"https:\\\/\\\/mikelpiano.com\\\/wp-content\\\/uploads\\\/2024\\\/12\\\/Captura-desde-2024-12-02-14-28-21.png\",\"contentUrl\":\"https:\\\/\\\/mikelpiano.com\\\/wp-content\\\/uploads\\\/2024\\\/12\\\/Captura-desde-2024-12-02-14-28-21.png\"},{\"@type\":\"BreadcrumbList\",\"@id\":\"https:\\\/\\\/mikelpiano.com\\\/servicios\\\/#breadcrumb\",\"itemListElement\":[{\"@type\":\"ListItem\",\"position\":1,\"name\":\"Portada\",\"item\":\"https:\\\/\\\/mikelpiano.com\\\/\"},{\"@type\":\"ListItem\",\"position\":2,\"name\":\"Alumnos\"}]},{\"@type\":\"WebSite\",\"@id\":\"https:\\\/\\\/mikelpiano.com\\\/#website\",\"url\":\"https:\\\/\\\/mikelpiano.com\\\/\",\"name\":\"Mikel Piano\",\"description\":\"Pianista Profesional\",\"publisher\":{\"@id\":\"https:\\\/\\\/mikelpiano.com\\\/#organization\"},\"potentialAction\":[{\"@type\":\"SearchAction\",\"target\":{\"@type\":\"EntryPoint\",\"urlTemplate\":\"https:\\\/\\\/mikelpiano.com\\\/?s={search_term_string}\"},\"query-input\":{\"@type\":\"PropertyValueSpecification\",\"valueRequired\":true,\"valueName\":\"search_term_string\"}}],\"inLanguage\":\"eu\"},{\"@type\":\"Organization\",\"@id\":\"https:\\\/\\\/mikelpiano.com\\\/#organization\",\"name\":\"Mikel Piano\",\"url\":\"https:\\\/\\\/mikelpiano.com\\\/\",\"logo\":{\"@type\":\"ImageObject\",\"inLanguage\":\"eu\",\"@id\":\"https:\\\/\\\/mikelpiano.com\\\/#\\\/schema\\\/logo\\\/image\\\/\",\"url\":\"https:\\\/\\\/mikelpiano.com\\\/wp-content\\\/uploads\\\/2024\\\/12\\\/cropped-MIKEL-GAZTANAGA.jpg\",\"contentUrl\":\"https:\\\/\\\/mikelpiano.com\\\/wp-content\\\/uploads\\\/2024\\\/12\\\/cropped-MIKEL-GAZTANAGA.jpg\",\"width\":500,\"height\":283,\"caption\":\"Mikel Piano\"},\"image\":{\"@id\":\"https:\\\/\\\/mikelpiano.com\\\/#\\\/schema\\\/logo\\\/image\\\/\"}}]}<\/script>\n<!-- \/ Yoast SEO plugin. -->","yoast_head_json":{"title":"Alumnos - Mikel Piano","robots":{"index":"index","follow":"follow","max-snippet":"max-snippet:-1","max-image-preview":"max-image-preview:large","max-video-preview":"max-video-preview:-1"},"canonical":"https:\/\/mikelpiano.com\/eu\/servicios\/","og_locale":"en_US","og_type":"article","og_title":"Alumnos - Mikel Piano","og_description":"Aprende M\u00fasica Conmigo Te ofrezco clases personalizadas Mis clases est\u00e1n disponibles tanto de forma presencial como online. Piano Aprende a interpretar m\u00fasica cl\u00e1sica, moderna o jazz con un enfoque personalizado. [&hellip;]","og_url":"https:\/\/mikelpiano.com\/eu\/servicios\/","og_site_name":"Mikel Piano","article_modified_time":"2024-12-03T16:05:14+00:00","og_image":[{"url":"https:\/\/mikelpiano.com\/wp-content\/uploads\/2024\/12\/Captura-desde-2024-12-02-14-28-21.png","type":"","width":"","height":""}],"twitter_card":"summary_large_image","twitter_misc":{"Est. reading time":"2 minutua"},"schema":{"@context":"https:\/\/schema.org","@graph":[{"@type":"WebPage","@id":"https:\/\/mikelpiano.com\/servicios\/","url":"https:\/\/mikelpiano.com\/servicios\/","name":"Alumnos - Mikel Piano","isPartOf":{"@id":"https:\/\/mikelpiano.com\/#website"},"primaryImageOfPage":{"@id":"https:\/\/mikelpiano.com\/servicios\/#primaryimage"},"image":{"@id":"https:\/\/mikelpiano.com\/servicios\/#primaryimage"},"thumbnailUrl":"https:\/\/mikelpiano.com\/wp-content\/uploads\/2024\/12\/Captura-desde-2024-12-02-14-28-21.png","datePublished":"2024-09-25T14:34:37+00:00","dateModified":"2024-12-03T16:05:14+00:00","breadcrumb":{"@id":"https:\/\/mikelpiano.com\/servicios\/#breadcrumb"},"inLanguage":"eu","potentialAction":[{"@type":"ReadAction","target":["https:\/\/mikelpiano.com\/servicios\/"]}]},{"@type":"ImageObject","inLanguage":"eu","@id":"https:\/\/mikelpiano.com\/servicios\/#primaryimage","url":"https:\/\/mikelpiano.com\/wp-content\/uploads\/2024\/12\/Captura-desde-2024-12-02-14-28-21.png","contentUrl":"https:\/\/mikelpiano.com\/wp-content\/uploads\/2024\/12\/Captura-desde-2024-12-02-14-28-21.png"},{"@type":"BreadcrumbList","@id":"https:\/\/mikelpiano.com\/servicios\/#breadcrumb","itemListElement":[{"@type":"ListItem","position":1,"name":"Portada","item":"https:\/\/mikelpiano.com\/"},{"@type":"ListItem","position":2,"name":"Alumnos"}]},{"@type":"WebSite","@id":"https:\/\/mikelpiano.com\/#website","url":"https:\/\/mikelpiano.com\/","name":"Mikel Piano","description":"Pianista Profesional","publisher":{"@id":"https:\/\/mikelpiano.com\/#organization"},"potentialAction":[{"@type":"SearchAction","target":{"@type":"EntryPoint","urlTemplate":"https:\/\/mikelpiano.com\/?s={search_term_string}"},"query-input":{"@type":"PropertyValueSpecification","valueRequired":true,"valueName":"search_term_string"}}],"inLanguage":"eu"},{"@type":"Organization","@id":"https:\/\/mikelpiano.com\/#organization","name":"Mikel Piano","url":"https:\/\/mikelpiano.com\/","logo":{"@type":"ImageObject","inLanguage":"eu","@id":"https:\/\/mikelpiano.com\/#\/schema\/logo\/image\/","url":"https:\/\/mikelpiano.com\/wp-content\/uploads\/2024\/12\/cropped-MIKEL-GAZTANAGA.jpg","contentUrl":"https:\/\/mikelpiano.com\/wp-content\/uploads\/2024\/12\/cropped-MIKEL-GAZTANAGA.jpg","width":500,"height":283,"caption":"Mikel Piano"},"image":{"@id":"https:\/\/mikelpiano.com\/#\/schema\/logo\/image\/"}}]}},"_links":{"self":[{"href":"https:\/\/mikelpiano.com\/eu\/wp-json\/wp\/v2\/pages\/31","targetHints":{"allow":["GET"]}}],"collection":[{"href":"https:\/\/mikelpiano.com\/eu\/wp-json\/wp\/v2\/pages"}],"about":[{"href":"https:\/\/mikelpiano.com\/eu\/wp-json\/wp\/v2\/types\/page"}],"author":[{"embeddable":true,"href":"https:\/\/mikelpiano.com\/eu\/wp-json\/wp\/v2\/users\/4"}],"replies":[{"embeddable":true,"href":"https:\/\/mikelpiano.com\/eu\/wp-json\/wp\/v2\/comments?post=31"}],"version-history":[{"count":262,"href":"https:\/\/mikelpiano.com\/eu\/wp-json\/wp\/v2\/pages\/31\/revisions"}],"predecessor-version":[{"id":1728,"href":"https:\/\/mikelpiano.com\/eu\/wp-json\/wp\/v2\/pages\/31\/revisions\/1728"}],"wp:attachment":[{"href":"https:\/\/mikelpiano.com\/eu\/wp-json\/wp\/v2\/media?parent=31"}],"curies":[{"name":"wp","href":"https:\/\/api.w.org\/{rel}","templated":true}]}}